{"id":991,"date":"2023-09-05T09:22:24","date_gmt":"2023-09-05T13:22:24","guid":{"rendered":"https:\/\/auditorescontadorestarija.org\/?page_id=991"},"modified":"2025-11-14T10:59:37","modified_gmt":"2025-11-14T14:59:37","slug":"tribunal-de-honor","status":"publish","type":"page","link":"https:\/\/auditorescontadorestarija.org\/index.php\/tribunal-de-honor\/","title":{"rendered":"Tribunal de Honor"},"content":{"rendered":"\n<div style=\"height:25px\" aria-hidden=\"true\" class=\"wp-block-spacer\"><\/div>\n\n\n\n<p>El Tribunal de Honor es el organismo disciplinario aut\u00f3nomo y funciona como \u00f3rgano independiente, con plena jurisdicci\u00f3n y competencia, para juzgar y sancionar las infracciones cometidas por los Profesionales que conforman el Directorio, Consejo T\u00e9cnico y\/o afiliados.<\/p>\n\n\n\n<p>Se entiende como infracci\u00f3n el no cumplimiento de las obligaciones estipuladas en la normativa vigente y\/o el cometer alguna acci\u00f3n prohibida o sancionada en los mismos cuerpos legales emitidas por el Colegio.<\/p>\n\n\n\n<p>El Tribunal de Honor clasificar\u00e1 las faltas disciplinarias en:<\/p>\n\n\n\n<ul class=\"wp-block-list\">\n<li>Faltas leves<\/li>\n\n\n\n<li>Faltas graves<\/li>\n<\/ul>\n\n\n\n<p>Las sanciones que aplicar\u00e1 el Tribunal de Honor, podr\u00e1n ser:<\/p>\n\n\n\n<p><strong>Faltas leves<\/strong><\/p>\n\n\n\n<ul class=\"wp-block-list\">\n<li>Desde amonestaci\u00f3n privada<\/li>\n\n\n\n<li>Amonestaci\u00f3n p\u00fablica<\/li>\n<\/ul>\n\n\n\n<p><strong>Faltas Graves<\/strong><\/p>\n\n\n\n<p>Suspensi\u00f3n del registro de inscripci\u00f3n y derechos de afiliado seg\u00fan la gravedad del hecho.<\/p>\n\n\n\n<hr class=\"wp-block-separator has-alpha-channel-opacity\"\/>\n\n\n\n<div class=\"wp-block-uagb-team uagb-team__image-position-left uagb-team__align-left uagb-team__stack-tablet uagb-block-bacd10a1\"><img decoding=\"async\" class=\"uagb-team__image-crop-circle\" src=\"https:\/\/auditorescontadorestarija.org\/wp-content\/uploads\/2025\/09\/20.png\" alt=\"\" height=\"250\" width=\"250\" loading=\"lazy\"\/><div class=\"uagb-team__content\"><h3 class=\"uagb-team__title\">Miguel A. Murillo<\/h3><span class=\"uagb-team__prefix\">Presidente<\/span><p class=\"uagb-team__desc\">Contador P\u00fablico Autorizado<\/p><\/div><\/div>\n\n\n\n<div class=\"wp-block-uagb-team uagb-team__image-position-left uagb-team__align-left uagb-team__stack-tablet uagb-block-47c26d99\"><img decoding=\"async\" class=\"uagb-team__image-crop-circle\" src=\"https:\/\/auditorescontadorestarija.org\/wp-content\/uploads\/2025\/09\/21.png\" alt=\"\" height=\"250\" width=\"250\" loading=\"lazy\"\/><div class=\"uagb-team__content\"><h3 class=\"uagb-team__title\">Wilma Lucy Aviles<\/h3><span class=\"uagb-team__prefix\">Vicepresidente<\/span><p class=\"uagb-team__desc\">Contadora P\u00fablica Autorizada<\/p><\/div><\/div>\n\n\n\n<div class=\"wp-block-uagb-team uagb-team__image-position-left uagb-team__align-left uagb-team__stack-tablet uagb-block-cc550d8a\"><img decoding=\"async\" class=\"uagb-team__image-crop-circle\" src=\"https:\/\/auditorescontadorestarija.org\/wp-content\/uploads\/2025\/09\/22.png\" alt=\"\" height=\"250\" width=\"250\" loading=\"lazy\"\/><div class=\"uagb-team__content\"><h3 class=\"uagb-team__title\">Pacifico Condori<\/h3><span class=\"uagb-team__prefix\">Vocal<\/span><p class=\"uagb-team__desc\">Contador P\u00fablico Autorizado<\/p><\/div><\/div>\n\n\n\n<div class=\"wp-block-uagb-team uagb-team__image-position-left uagb-team__align-left uagb-team__stack-tablet uagb-block-813ed593\"><img decoding=\"async\" class=\"uagb-team__image-crop-circle\" src=\"https:\/\/auditorescontadorestarija.org\/wp-content\/uploads\/2025\/09\/23.png\" alt=\"\" height=\"250\" width=\"250\" loading=\"lazy\"\/><div class=\"uagb-team__content\"><h3 class=\"uagb-team__title\">Gabriela Villa<\/h3><span class=\"uagb-team__prefix\">Vocal<\/span><p class=\"uagb-team__desc\">Contadora P\u00fablica Autorizada<\/p><\/div><\/div>\n\n\n\n<div class=\"wp-block-uagb-team uagb-team__image-position-left uagb-team__align-left uagb-team__stack-tablet uagb-block-fd967bee\"><img decoding=\"async\" class=\"uagb-team__image-crop-circle\" src=\"https:\/\/auditorescontadorestarija.org\/wp-content\/uploads\/2025\/09\/24.png\" alt=\"\" height=\"250\" width=\"250\" loading=\"lazy\"\/><div class=\"uagb-team__content\"><h3 class=\"uagb-team__title\">Miguel A. Espinoza<\/h3><span class=\"uagb-team__prefix\">Vocal<\/span><p class=\"uagb-team__desc\">Contador P\u00fablico Autorizado<\/p><\/div><\/div>\n\n\n\n<p><\/p>\n","protected":false},"excerpt":{"rendered":"<p>El Tribunal de Honor es el organismo disciplinario aut\u00f3nomo y funciona como \u00f3rgano independiente, con plena jurisdicci\u00f3n y competencia, para juzgar y sancionar las infracciones cometidas por los Profesionales que conforman el Directorio, Consejo T\u00e9cnico y\/o afiliados. Se entiende como infracci\u00f3n el no cumplimiento de las obligaciones estipuladas en la normativa vigente y\/o el cometer&hellip;&nbsp;<a href=\"https:\/\/auditorescontadorestarija.org\/index.php\/tribunal-de-honor\/\" rel=\"bookmark\">Leer m\u00e1s &raquo;<span class=\"screen-reader-text\">Tribunal de Honor<\/span><\/a><\/p>\n","protected":false},"author":1,"featured_media":0,"parent":0,"menu_order":0,"comment_status":"closed","ping_status":"closed","template":"","meta":{"_uag_custom_page_level_css":"","neve_meta_sidebar":"","neve_meta_container":"","neve_meta_enable_content_width":"","neve_meta_content_width":0,"neve_meta_title_alignment":"","neve_meta_author_avatar":"","neve_post_elements_order":"","neve_meta_disable_header":"","neve_meta_disable_footer":"","neve_meta_disable_title":"","_themeisle_gutenberg_block_has_review":false,"footnotes":""},"class_list":["post-991","page","type-page","status-publish","hentry"],"uagb_featured_image_src":{"full":false,"thumbnail":false,"medium":false,"medium_large":false,"large":false,"1536x1536":false,"2048x2048":false,"neve-blog":false},"uagb_author_info":{"display_name":"admin","author_link":"https:\/\/auditorescontadorestarija.org\/index.php\/author\/admin\/"},"uagb_comment_info":0,"uagb_excerpt":"El Tribunal de Honor es el organismo disciplinario aut\u00f3nomo y funciona como \u00f3rgano independiente, con plena jurisdicci\u00f3n y competencia, para juzgar y sancionar las infracciones cometidas por los Profesionales que conforman el Directorio, Consejo T\u00e9cnico y\/o afiliados. Se entiende como infracci\u00f3n el no cumplimiento de las obligaciones estipuladas en la normativa vigente y\/o el cometer&hellip;&nbsp;Leer&hellip;","_links":{"self":[{"href":"https:\/\/auditorescontadorestarija.org\/index.php\/wp-json\/wp\/v2\/pages\/991","targetHints":{"allow":["GET"]}}],"collection":[{"href":"https:\/\/auditorescontadorestarija.org\/index.php\/wp-json\/wp\/v2\/pages"}],"about":[{"href":"https:\/\/auditorescontadorestarija.org\/index.php\/wp-json\/wp\/v2\/types\/page"}],"author":[{"embeddable":true,"href":"https:\/\/auditorescontadorestarija.org\/index.php\/wp-json\/wp\/v2\/users\/1"}],"replies":[{"embeddable":true,"href":"https:\/\/auditorescontadorestarija.org\/index.php\/wp-json\/wp\/v2\/comments?post=991"}],"version-history":[{"count":9,"href":"https:\/\/auditorescontadorestarija.org\/index.php\/wp-json\/wp\/v2\/pages\/991\/revisions"}],"predecessor-version":[{"id":1274,"href":"https:\/\/auditorescontadorestarija.org\/index.php\/wp-json\/wp\/v2\/pages\/991\/revisions\/1274"}],"wp:attachment":[{"href":"https:\/\/auditorescontadorestarija.org\/index.php\/wp-json\/wp\/v2\/media?parent=991"}],"curies":[{"name":"wp","href":"https:\/\/api.w.org\/{rel}","templated":true}]}}