{"id":969,"date":"2023-09-05T09:07:48","date_gmt":"2023-09-05T13:07:48","guid":{"rendered":"https:\/\/auditorescontadorestarija.org\/?page_id=969"},"modified":"2025-09-20T19:55:02","modified_gmt":"2025-09-20T23:55:02","slug":"consejo-tecnico","status":"publish","type":"page","link":"https:\/\/auditorescontadorestarija.org\/index.php\/consejo-tecnico\/","title":{"rendered":"Consejo T\u00e9cnico"},"content":{"rendered":"\n<div class=\"wp-block-uagb-container uagb-block-faff4c11 alignfull uagb-is-root-container\"><div class=\"uagb-container-inner-blocks-wrap\">\n<p>El Consejo T\u00e9cnico del Colegio de Auditores y Contadores P\u00fablicos de Tarija tiene como algunas de sus funciones lo siguiente:<\/p>\n\n\n\n<div class=\"wp-block-uagb-icon-list uagb-block-d7a81210\"><div class=\"uagb-icon-list__wrap\">\n<div class=\"wp-block-uagb-icon-list-child uagb-block-68ca1f84\"><span class=\"uagb-icon-list__source-wrap\"><svg xmlns=\"https:\/\/www.w3.org\/2000\/svg\" viewBox=\"0 0 512 512\"><path d=\"M256 0C114.6 0 0 114.6 0 256c0 141.4 114.6 256 256 256s256-114.6 256-256C512 114.6 397.4 0 256 0zM406.6 278.6l-103.1 103.1c-12.5 12.5-32.75 12.5-45.25 0s-12.5-32.75 0-45.25L306.8 288H128C110.3 288 96 273.7 96 256s14.31-32 32-32h178.8l-49.38-49.38c-12.5-12.5-12.5-32.75 0-45.25s32.75-12.5 45.25 0l103.1 103.1C414.6 241.3 416 251.1 416 256C416 260.9 414.6 270.7 406.6 278.6z\"><\/path><\/svg><\/span><span class=\"uagb-icon-list__label\">Emitir pronunciamientos t\u00e9cnicos de la profesi\u00f3n, en concordancia con los lineamientos establecidos por el Consejo T\u00e9cnico Nacional de Auditoria y Contabilidad y los organismos internacionales relacionados con la profesi\u00f3n contable<\/span><\/div>\n\n\n\n<div class=\"wp-block-uagb-icon-list-child uagb-block-e396e71a\"><span class=\"uagb-icon-list__source-wrap\"><svg xmlns=\"https:\/\/www.w3.org\/2000\/svg\" viewBox=\"0 0 512 512\"><path d=\"M256 0C114.6 0 0 114.6 0 256c0 141.4 114.6 256 256 256s256-114.6 256-256C512 114.6 397.4 0 256 0zM406.6 278.6l-103.1 103.1c-12.5 12.5-32.75 12.5-45.25 0s-12.5-32.75 0-45.25L306.8 288H128C110.3 288 96 273.7 96 256s14.31-32 32-32h178.8l-49.38-49.38c-12.5-12.5-12.5-32.75 0-45.25s32.75-12.5 45.25 0l103.1 103.1C414.6 241.3 416 251.1 416 256C416 260.9 414.6 270.7 406.6 278.6z\"><\/path><\/svg><\/span><span class=\"uagb-icon-list__label\">Orientar sobre aspectos vinculados a la profesi\u00f3n<\/span><\/div>\n\n\n\n<div class=\"wp-block-uagb-icon-list-child uagb-block-641e0b01\"><span class=\"uagb-icon-list__source-wrap\"><svg xmlns=\"https:\/\/www.w3.org\/2000\/svg\" viewBox=\"0 0 512 512\"><path d=\"M256 0C114.6 0 0 114.6 0 256c0 141.4 114.6 256 256 256s256-114.6 256-256C512 114.6 397.4 0 256 0zM406.6 278.6l-103.1 103.1c-12.5 12.5-32.75 12.5-45.25 0s-12.5-32.75 0-45.25L306.8 288H128C110.3 288 96 273.7 96 256s14.31-32 32-32h178.8l-49.38-49.38c-12.5-12.5-12.5-32.75 0-45.25s32.75-12.5 45.25 0l103.1 103.1C414.6 241.3 416 251.1 416 256C416 260.9 414.6 270.7 406.6 278.6z\"><\/path><\/svg><\/span><span class=\"uagb-icon-list__label\">Responder con argumentos t\u00e9cnicos a las consultas realizadas por los socios y comunidad en general relacionadas con la profesi\u00f3n<\/span><\/div>\n\n\n\n<div class=\"wp-block-uagb-icon-list-child uagb-block-2f792b77\"><span class=\"uagb-icon-list__source-wrap\"><svg xmlns=\"https:\/\/www.w3.org\/2000\/svg\" viewBox=\"0 0 512 512\"><path d=\"M256 0C114.6 0 0 114.6 0 256c0 141.4 114.6 256 256 256s256-114.6 256-256C512 114.6 397.4 0 256 0zM406.6 278.6l-103.1 103.1c-12.5 12.5-32.75 12.5-45.25 0s-12.5-32.75 0-45.25L306.8 288H128C110.3 288 96 273.7 96 256s14.31-32 32-32h178.8l-49.38-49.38c-12.5-12.5-12.5-32.75 0-45.25s32.75-12.5 45.25 0l103.1 103.1C414.6 241.3 416 251.1 416 256C416 260.9 414.6 270.7 406.6 278.6z\"><\/path><\/svg><\/span><span class=\"uagb-icon-list__label\">Coadyuvar a la aplicaci\u00f3n e interpretaci\u00f3n de las normas referentes a la profesi\u00f3n<\/span><\/div>\n<\/div><\/div>\n\n\n\n<div class=\"wp-block-group\"><div class=\"wp-block-group__inner-container is-layout-constrained wp-block-group-is-layout-constrained\">\n<div class=\"wp-block-uagb-team uagb-team__image-position-left uagb-team__align-left uagb-team__stack-tablet uagb-block-e69b8848\"><img decoding=\"async\" class=\"uagb-team__image-crop-circle\" src=\"https:\/\/auditorescontadorestarija.org\/wp-content\/uploads\/2025\/09\/15.png\" alt=\"\" height=\"250\" width=\"250\" loading=\"lazy\"\/><div class=\"uagb-team__content\"><h3 class=\"uagb-team__title\">Ximena Fern\u00e1ndez<\/h3><span class=\"uagb-team__prefix\">Presidenta<\/span><p class=\"uagb-team__desc\">Contadora P\u00fablica Autorizada<\/p><\/div><\/div>\n\n\n\n<div class=\"wp-block-uagb-team uagb-team__image-position-left uagb-team__align-left uagb-team__stack-tablet uagb-block-9de5c130\"><img decoding=\"async\" class=\"uagb-team__image-crop-circle\" src=\"https:\/\/auditorescontadorestarija.org\/wp-content\/uploads\/2025\/09\/16.png\" alt=\"\" height=\"250\" width=\"250\" loading=\"lazy\"\/><div class=\"uagb-team__content\"><h3 class=\"uagb-team__title\">Luis Alberto Huiza<\/h3><span class=\"uagb-team__prefix\">Visepresidente<\/span><p class=\"uagb-team__desc\">Contadora P\u00fablica Autorizada<\/p><\/div><\/div>\n\n\n\n<div class=\"wp-block-uagb-team uagb-team__image-position-left uagb-team__align-left uagb-team__stack-tablet uagb-block-e11c9e2c\"><img decoding=\"async\" class=\"uagb-team__image-crop-circle\" src=\"https:\/\/auditorescontadorestarija.org\/wp-content\/uploads\/2025\/09\/17.png\" alt=\"\" height=\"250\" width=\"250\" loading=\"lazy\"\/><div class=\"uagb-team__content\"><h3 class=\"uagb-team__title\">Ana Mar\u00eda Retamozo<\/h3><span class=\"uagb-team__prefix\">Vocal<\/span><p class=\"uagb-team__desc\">Contador P\u00fablico Autorizado<\/p><\/div><\/div>\n\n\n\n<div class=\"wp-block-uagb-team uagb-team__image-position-left uagb-team__align-left uagb-team__stack-tablet uagb-block-b99bd5c9\"><img decoding=\"async\" class=\"uagb-team__image-crop-circle\" src=\"https:\/\/auditorescontadorestarija.org\/wp-content\/uploads\/2025\/09\/18.png\" alt=\"\" height=\"250\" width=\"250\" loading=\"lazy\"\/><div class=\"uagb-team__content\"><h3 class=\"uagb-team__title\">Ren\u00e9 Vargas F.<\/h3><span class=\"uagb-team__prefix\">Vocal<\/span><p class=\"uagb-team__desc\">Contadora P\u00fablica Autorizada<\/p><\/div><\/div>\n\n\n\n<div class=\"wp-block-uagb-team uagb-team__image-position-left uagb-team__align-left uagb-team__stack-tablet uagb-block-54677d4c\"><img decoding=\"async\" class=\"uagb-team__image-crop-circle\" src=\"https:\/\/auditorescontadorestarija.org\/wp-content\/uploads\/2025\/09\/19.png\" alt=\"\" height=\"250\" width=\"250\" loading=\"lazy\"\/><div class=\"uagb-team__content\"><h3 class=\"uagb-team__title\">Adela Higueras<\/h3><span class=\"uagb-team__prefix\">Vocal<\/span><p class=\"uagb-team__desc\">Contador P\u00fablico Autorizado<\/p><\/div><\/div>\n<\/div><\/div>\n<\/div><\/div>\n","protected":false},"excerpt":{"rendered":"<p>El Consejo T\u00e9cnico del Colegio de Auditores y Contadores P\u00fablicos de Tarija tiene como algunas de sus funciones lo siguiente:<\/p>\n","protected":false},"author":1,"featured_media":0,"parent":0,"menu_order":0,"comment_status":"closed","ping_status":"closed","template":"","meta":{"_uag_custom_page_level_css":"","neve_meta_sidebar":"","neve_meta_container":"","neve_meta_enable_content_width":"","neve_meta_content_width":0,"neve_meta_title_alignment":"","neve_meta_author_avatar":"","neve_post_elements_order":"","neve_meta_disable_header":"","neve_meta_disable_footer":"","neve_meta_disable_title":"","_themeisle_gutenberg_block_has_review":false,"footnotes":""},"class_list":["post-969","page","type-page","status-publish","hentry"],"uagb_featured_image_src":{"full":false,"thumbnail":false,"medium":false,"medium_large":false,"large":false,"1536x1536":false,"2048x2048":false,"neve-blog":false},"uagb_author_info":{"display_name":"admin","author_link":"https:\/\/auditorescontadorestarija.org\/index.php\/author\/admin\/"},"uagb_comment_info":0,"uagb_excerpt":"El Consejo T\u00e9cnico del Colegio de Auditores y Contadores P\u00fablicos de Tarija tiene como algunas de sus funciones lo siguiente:","_links":{"self":[{"href":"https:\/\/auditorescontadorestarija.org\/index.php\/wp-json\/wp\/v2\/pages\/969","targetHints":{"allow":["GET"]}}],"collection":[{"href":"https:\/\/auditorescontadorestarija.org\/index.php\/wp-json\/wp\/v2\/pages"}],"about":[{"href":"https:\/\/auditorescontadorestarija.org\/index.php\/wp-json\/wp\/v2\/types\/page"}],"author":[{"embeddable":true,"href":"https:\/\/auditorescontadorestarija.org\/index.php\/wp-json\/wp\/v2\/users\/1"}],"replies":[{"embeddable":true,"href":"https:\/\/auditorescontadorestarija.org\/index.php\/wp-json\/wp\/v2\/comments?post=969"}],"version-history":[{"count":11,"href":"https:\/\/auditorescontadorestarija.org\/index.php\/wp-json\/wp\/v2\/pages\/969\/revisions"}],"predecessor-version":[{"id":1262,"href":"https:\/\/auditorescontadorestarija.org\/index.php\/wp-json\/wp\/v2\/pages\/969\/revisions\/1262"}],"wp:attachment":[{"href":"https:\/\/auditorescontadorestarija.org\/index.php\/wp-json\/wp\/v2\/media?parent=969"}],"curies":[{"name":"wp","href":"https:\/\/api.w.org\/{rel}","templated":true}]}}