{"id":2,"date":"2023-07-15T04:19:29","date_gmt":"2023-07-15T02:19:29","guid":{"rendered":"https:\/\/auditorescontadorestarija.org\/?page_id=2"},"modified":"2023-09-05T12:33:48","modified_gmt":"2023-09-05T16:33:48","slug":"pagina-ejemplo","status":"publish","type":"page","link":"https:\/\/auditorescontadorestarija.org\/index.php\/pagina-ejemplo\/","title":{"rendered":"Misi\u00f3n y Visi\u00f3n"},"content":{"rendered":"\n<div style=\"height:28px\" aria-hidden=\"true\" class=\"wp-block-spacer\"><\/div>\n\n\n\n<h2 class=\"wp-block-heading\">Misi\u00f3n<\/h2>\n\n\n\n<div style=\"height:22px\" aria-hidden=\"true\" class=\"wp-block-spacer\"><\/div>\n\n\n\n<p>El Colegio de Auditores y Contadores P\u00fablicos de Tarija, es una instituci\u00f3n sin fines de lucro, que representa los intereses de los profesionales auditores a nivel nacional, promoviendo permanentemente mejores pr\u00e1cticas profesionales, en cumplimiento de la independencia y \u00e9tica, asegurando calidad y excelencia en el ejercicio profesional, con el fin de gestar una sociedad m\u00e1s correcta transparente y respetuosa.<\/p>\n\n\n\n<h2 class=\"wp-block-heading\">Visi\u00f3n<\/h2>\n\n\n\n<div style=\"height:22px\" aria-hidden=\"true\" class=\"wp-block-spacer\"><\/div>\n\n\n\n<p>El Colegio de Auditores y Contadores P\u00fablicos de Tarija, como instituci\u00f3n colegiada, logre de manera protag\u00f3nica mejorar en los est\u00e1ndares de calidad, inculcando principios y valores \u00e9ticos como herramienta b\u00e1sica para el fortalecimiento contin\u00fao para tener un dominio integral en cada \u00e1rea de responsabilidad y ser art\u00edfices en la generaci\u00f3n de resultados \u00f3ptimos.<\/p>\n","protected":false},"excerpt":{"rendered":"<p>Misi\u00f3n El Colegio de Auditores y Contadores P\u00fablicos de Tarija, es una instituci\u00f3n sin fines de lucro, que representa los intereses de los profesionales auditores a nivel nacional, promoviendo permanentemente mejores pr\u00e1cticas profesionales, en cumplimiento de la independencia y \u00e9tica, asegurando calidad y excelencia en el ejercicio profesional, con el fin de gestar una sociedad&hellip;&nbsp;<a href=\"https:\/\/auditorescontadorestarija.org\/index.php\/pagina-ejemplo\/\" rel=\"bookmark\">Leer m\u00e1s &raquo;<span class=\"screen-reader-text\">Misi\u00f3n y Visi\u00f3n<\/span><\/a><\/p>\n","protected":false},"author":1,"featured_media":0,"parent":0,"menu_order":0,"comment_status":"closed","ping_status":"open","template":"","meta":{"_uag_custom_page_level_css":"","neve_meta_sidebar":"","neve_meta_container":"","neve_meta_enable_content_width":"","neve_meta_content_width":0,"neve_meta_title_alignment":"","neve_meta_author_avatar":"","neve_post_elements_order":"","neve_meta_disable_header":"","neve_meta_disable_footer":"","neve_meta_disable_title":"","_themeisle_gutenberg_block_has_review":false,"footnotes":""},"class_list":["post-2","page","type-page","status-publish","hentry"],"uagb_featured_image_src":{"full":false,"thumbnail":false,"medium":false,"medium_large":false,"large":false,"1536x1536":false,"2048x2048":false,"neve-blog":false},"uagb_author_info":{"display_name":"admin","author_link":"https:\/\/auditorescontadorestarija.org\/index.php\/author\/admin\/"},"uagb_comment_info":0,"uagb_excerpt":"Misi\u00f3n El Colegio de Auditores y Contadores P\u00fablicos de Tarija, es una instituci\u00f3n sin fines de lucro, que representa los intereses de los profesionales auditores a nivel nacional, promoviendo permanentemente mejores pr\u00e1cticas profesionales, en cumplimiento de la independencia y \u00e9tica, asegurando calidad y excelencia en el ejercicio profesional, con el fin de gestar una sociedad&hellip;&nbsp;Leer&hellip;","_links":{"self":[{"href":"https:\/\/auditorescontadorestarija.org\/index.php\/wp-json\/wp\/v2\/pages\/2","targetHints":{"allow":["GET"]}}],"collection":[{"href":"https:\/\/auditorescontadorestarija.org\/index.php\/wp-json\/wp\/v2\/pages"}],"about":[{"href":"https:\/\/auditorescontadorestarija.org\/index.php\/wp-json\/wp\/v2\/types\/page"}],"author":[{"embeddable":true,"href":"https:\/\/auditorescontadorestarija.org\/index.php\/wp-json\/wp\/v2\/users\/1"}],"replies":[{"embeddable":true,"href":"https:\/\/auditorescontadorestarija.org\/index.php\/wp-json\/wp\/v2\/comments?post=2"}],"version-history":[{"count":2,"href":"https:\/\/auditorescontadorestarija.org\/index.php\/wp-json\/wp\/v2\/pages\/2\/revisions"}],"predecessor-version":[{"id":1033,"href":"https:\/\/auditorescontadorestarija.org\/index.php\/wp-json\/wp\/v2\/pages\/2\/revisions\/1033"}],"wp:attachment":[{"href":"https:\/\/auditorescontadorestarija.org\/index.php\/wp-json\/wp\/v2\/media?parent=2"}],"curies":[{"name":"wp","href":"https:\/\/api.w.org\/{rel}","templated":true}]}}