{"id":182,"date":"2023-07-15T05:01:08","date_gmt":"2023-07-15T03:01:08","guid":{"rendered":"https:\/\/auditorescontadorestarija.org\/?page_id=182"},"modified":"2025-09-20T20:01:40","modified_gmt":"2025-09-21T00:01:40","slug":"directorio","status":"publish","type":"page","link":"https:\/\/auditorescontadorestarija.org\/index.php\/directorio\/","title":{"rendered":"Directorio"},"content":{"rendered":"\n<p>El objetivo general del directorio es jerarquizar a los profesionales en auditor\u00eda o contadur\u00eda p\u00fablica de Tarija a trav\u00e9s de:<\/p>\n\n\n\n<div class=\"wp-block-uagb-icon-list uagb-block-82e87bb9\"><div class=\"uagb-icon-list__wrap\">\n<div class=\"wp-block-uagb-icon-list-child uagb-block-a70c813e\"><span class=\"uagb-icon-list__source-wrap\"><svg xmlns=\"https:\/\/www.w3.org\/2000\/svg\" viewBox=\"0 0 512 512\"><path d=\"M256 0C114.6 0 0 114.6 0 256c0 141.4 114.6 256 256 256s256-114.6 256-256C512 114.6 397.4 0 256 0zM406.6 278.6l-103.1 103.1c-12.5 12.5-32.75 12.5-45.25 0s-12.5-32.75 0-45.25L306.8 288H128C110.3 288 96 273.7 96 256s14.31-32 32-32h178.8l-49.38-49.38c-12.5-12.5-12.5-32.75 0-45.25s32.75-12.5 45.25 0l103.1 103.1C414.6 241.3 416 251.1 416 256C416 260.9 414.6 270.7 406.6 278.6z\"><\/path><\/svg><\/span><span class=\"uagb-icon-list__label\">Capacitaci\u00f3n permanente<\/span><\/div>\n\n\n\n<div class=\"wp-block-uagb-icon-list-child uagb-block-d30c096d\"><span class=\"uagb-icon-list__source-wrap\"><svg xmlns=\"https:\/\/www.w3.org\/2000\/svg\" viewBox=\"0 0 512 512\"><path d=\"M256 0C114.6 0 0 114.6 0 256c0 141.4 114.6 256 256 256s256-114.6 256-256C512 114.6 397.4 0 256 0zM406.6 278.6l-103.1 103.1c-12.5 12.5-32.75 12.5-45.25 0s-12.5-32.75 0-45.25L306.8 288H128C110.3 288 96 273.7 96 256s14.31-32 32-32h178.8l-49.38-49.38c-12.5-12.5-12.5-32.75 0-45.25s32.75-12.5 45.25 0l103.1 103.1C414.6 241.3 416 251.1 416 256C416 260.9 414.6 270.7 406.6 278.6z\"><\/path><\/svg><\/span><span class=\"uagb-icon-list__label\">Participaci\u00f3n y defensa profesional<\/span><\/div>\n\n\n\n<div class=\"wp-block-uagb-icon-list-child uagb-block-e37e54f9\"><span class=\"uagb-icon-list__source-wrap\"><svg xmlns=\"https:\/\/www.w3.org\/2000\/svg\" viewBox=\"0 0 512 512\"><path d=\"M256 0C114.6 0 0 114.6 0 256c0 141.4 114.6 256 256 256s256-114.6 256-256C512 114.6 397.4 0 256 0zM406.6 278.6l-103.1 103.1c-12.5 12.5-32.75 12.5-45.25 0s-12.5-32.75 0-45.25L306.8 288H128C110.3 288 96 273.7 96 256s14.31-32 32-32h178.8l-49.38-49.38c-12.5-12.5-12.5-32.75 0-45.25s32.75-12.5 45.25 0l103.1 103.1C414.6 241.3 416 251.1 416 256C416 260.9 414.6 270.7 406.6 278.6z\"><\/path><\/svg><\/span><span class=\"uagb-icon-list__label\">Fortalecimiento institucional<\/span><\/div>\n\n\n\n<div class=\"wp-block-uagb-icon-list-child uagb-block-669f278b\"><span class=\"uagb-icon-list__source-wrap\"><svg xmlns=\"https:\/\/www.w3.org\/2000\/svg\" viewBox=\"0 0 512 512\"><path d=\"M256 0C114.6 0 0 114.6 0 256c0 141.4 114.6 256 256 256s256-114.6 256-256C512 114.6 397.4 0 256 0zM406.6 278.6l-103.1 103.1c-12.5 12.5-32.75 12.5-45.25 0s-12.5-32.75 0-45.25L306.8 288H128C110.3 288 96 273.7 96 256s14.31-32 32-32h178.8l-49.38-49.38c-12.5-12.5-12.5-32.75 0-45.25s32.75-12.5 45.25 0l103.1 103.1C414.6 241.3 416 251.1 416 256C416 260.9 414.6 270.7 406.6 278.6z\"><\/path><\/svg><\/span><span class=\"uagb-icon-list__label\">Reconocimiento de la excelencia profesional<\/span><\/div>\n<\/div><\/div>\n\n\n\n<div class=\"wp-block-group\"><div class=\"wp-block-group__inner-container is-layout-constrained wp-block-group-is-layout-constrained\">\n<div class=\"wp-block-uagb-team uagb-team__image-position-left uagb-team__align-left uagb-team__stack-tablet uagb-block-3a64099a\"><img decoding=\"async\" class=\"uagb-team__image-crop-circle\" src=\"https:\/\/auditorescontadorestarija.org\/wp-content\/uploads\/2025\/09\/presidente.png\" alt=\"\" height=\"250\" width=\"250\" loading=\"lazy\"\/><div class=\"uagb-team__content\"><h3 class=\"uagb-team__title\">Ra\u00fal Horacio Gonzales Ben\u00edtez<\/h3><span class=\"uagb-team__prefix\">Presidente<\/span><p class=\"uagb-team__desc\">Contador P\u00fablico Autorizado<\/p><\/div><\/div>\n\n\n\n<div class=\"wp-block-uagb-team uagb-team__image-position-left uagb-team__align-left uagb-team__stack-tablet uagb-block-1f05c242\"><img decoding=\"async\" class=\"uagb-team__image-crop-circle\" src=\"https:\/\/auditorescontadorestarija.org\/wp-content\/uploads\/2025\/09\/vice.png\" alt=\"\" height=\"250\" width=\"250\" loading=\"lazy\"\/><div class=\"uagb-team__content\"><h3 class=\"uagb-team__title\">Yanneth K. Fern\u00e1ndez<\/h3><span class=\"uagb-team__prefix\">Vicepresidenta<\/span><p class=\"uagb-team__desc\">Contador P\u00fablico Autorizado<\/p><\/div><\/div>\n\n\n\n<div class=\"wp-block-uagb-team uagb-team__image-position-left uagb-team__align-left uagb-team__stack-tablet uagb-block-1eded54c\"><img decoding=\"async\" class=\"uagb-team__image-crop-circle\" src=\"https:\/\/auditorescontadorestarija.org\/wp-content\/uploads\/2025\/09\/sec.png\" alt=\"\" height=\"250\" width=\"250\" loading=\"lazy\"\/><div class=\"uagb-team__content\"><h3 class=\"uagb-team__title\">Edson H. Martinez<\/h3><span class=\"uagb-team__prefix\">Secretario General<\/span><p class=\"uagb-team__desc\">Contador P\u00fablico Autorizado<\/p><\/div><\/div>\n\n\n\n<div class=\"wp-block-uagb-team uagb-team__image-position-left uagb-team__align-left uagb-team__stack-tablet uagb-block-4f06a6a0\"><img decoding=\"async\" class=\"uagb-team__image-crop-circle\" src=\"https:\/\/auditorescontadorestarija.org\/wp-content\/uploads\/2025\/09\/4.png\" alt=\"\" height=\"250\" width=\"250\" loading=\"lazy\"\/><div class=\"uagb-team__content\"><h3 class=\"uagb-team__title\">Dayana M. Ortega M.<\/h3><span class=\"uagb-team__prefix\">Secretaria de Actas<\/span><p class=\"uagb-team__desc\">Contador P\u00fablico Autorizado<\/p><\/div><\/div>\n\n\n\n<div class=\"wp-block-uagb-team uagb-team__image-position-left uagb-team__align-left uagb-team__stack-tablet uagb-block-10fe89e9\"><img decoding=\"async\" class=\"uagb-team__image-crop-circle\" src=\"https:\/\/auditorescontadorestarija.org\/wp-content\/uploads\/2025\/09\/5.png\" alt=\"\" height=\"250\" width=\"250\" loading=\"lazy\"\/><div class=\"uagb-team__content\"><h3 class=\"uagb-team__title\">Sara\u00ed Rodas Vidaurre<\/h3><span class=\"uagb-team__prefix\">Secretaria de Finanzas<\/span><p class=\"uagb-team__desc\">Contador P\u00fablico Autorizado<\/p><\/div><\/div>\n\n\n\n<div class=\"wp-block-uagb-team uagb-team__image-position-left uagb-team__align-left uagb-team__stack-tablet uagb-block-fd5a97e1\"><img decoding=\"async\" class=\"uagb-team__image-crop-circle\" src=\"https:\/\/auditorescontadorestarija.org\/wp-content\/uploads\/2025\/09\/6.png\" alt=\"\" height=\"250\" width=\"250\" loading=\"lazy\"\/><div class=\"uagb-team__content\"><h3 class=\"uagb-team__title\">Maria Eugenia Armella<\/h3><span class=\"uagb-team__prefix\">Secretaria de Capacitaci\u00f3n<\/span><p class=\"uagb-team__desc\">Contador P\u00fablico Autorizado<\/p><\/div><\/div>\n\n\n\n<div class=\"wp-block-uagb-team uagb-team__image-position-left uagb-team__align-left uagb-team__stack-tablet uagb-block-5919f621\"><img decoding=\"async\" class=\"uagb-team__image-crop-circle\" src=\"https:\/\/auditorescontadorestarija.org\/wp-content\/uploads\/2025\/09\/7.png\" alt=\"\" height=\"250\" width=\"250\" loading=\"lazy\"\/><div class=\"uagb-team__content\"><h3 class=\"uagb-team__title\">Claudia Lorena Vedia<\/h3><span class=\"uagb-team__prefix\">Secretaria de Capacitaci\u00f3n<\/span><p class=\"uagb-team__desc\">Contador P\u00fablico Autorizado<\/p><\/div><\/div>\n\n\n\n<div class=\"wp-block-uagb-team uagb-team__image-position-left uagb-team__align-left uagb-team__stack-tablet uagb-block-59d0b912\"><img decoding=\"async\" class=\"uagb-team__image-crop-circle\" src=\"https:\/\/auditorescontadorestarija.org\/wp-content\/uploads\/2025\/09\/8.png\" alt=\"\" height=\"250\" width=\"250\" loading=\"lazy\"\/><div class=\"uagb-team__content\"><h3 class=\"uagb-team__title\">Diego A. Viorel<\/h3><span class=\"uagb-team__prefix\">Secretario de Prensa y Defensa Profesional<\/span><p class=\"uagb-team__desc\">Contador P\u00fablico Autorizado<\/p><\/div><\/div>\n\n\n\n<div class=\"wp-block-uagb-team uagb-team__image-position-left uagb-team__align-left uagb-team__stack-tablet uagb-block-5a8f21ee\"><img decoding=\"async\" class=\"uagb-team__image-crop-circle\" src=\"https:\/\/auditorescontadorestarija.org\/wp-content\/uploads\/2025\/09\/9.png\" alt=\"\" height=\"250\" width=\"250\" loading=\"lazy\"\/><div class=\"uagb-team__content\"><h3 class=\"uagb-team__title\">Bismarck N. Delf\u00edn F.<\/h3><span class=\"uagb-team__prefix\">Secretario de Deportes y Cultura<\/span><p class=\"uagb-team__desc\">Contador P\u00fablico Autorizado<\/p><\/div><\/div>\n\n\n\n<div class=\"wp-block-uagb-team uagb-team__image-position-left uagb-team__align-left uagb-team__stack-tablet uagb-block-b5a79160\"><img decoding=\"async\" class=\"uagb-team__image-crop-circle\" src=\"https:\/\/auditorescontadorestarija.org\/wp-content\/uploads\/2025\/09\/10.png\" alt=\"\" height=\"250\" width=\"250\" loading=\"lazy\"\/><div class=\"uagb-team__content\"><h3 class=\"uagb-team__title\">Carla D. Semp\u00e9rtegui<\/h3><span class=\"uagb-team__prefix\">Secretaria de Deportes y Cultura<\/span><p class=\"uagb-team__desc\">Contador P\u00fablico Autorizado<\/p><\/div><\/div>\n\n\n\n<div class=\"wp-block-uagb-team uagb-team__image-position-left uagb-team__align-left uagb-team__stack-tablet uagb-block-bfcf24f8\"><img decoding=\"async\" class=\"uagb-team__image-crop-circle\" src=\"https:\/\/auditorescontadorestarija.org\/wp-content\/uploads\/2025\/09\/11.png\" alt=\"\" height=\"250\" width=\"250\" loading=\"lazy\"\/><div class=\"uagb-team__content\"><h3 class=\"uagb-team__title\">Edson L\u00f3pez Wayar<\/h3><span class=\"uagb-team__prefix\">Delegado a la Federaci\u00f3n Departamental de Profesionales de Tarija<\/span><p class=\"uagb-team__desc\">Contador P\u00fablico Autorizado<\/p><\/div><\/div>\n\n\n\n<div class=\"wp-block-uagb-team uagb-team__image-position-left uagb-team__align-left uagb-team__stack-tablet uagb-block-e12b6272\"><img decoding=\"async\" class=\"uagb-team__image-crop-circle\" src=\"https:\/\/auditorescontadorestarija.org\/wp-content\/uploads\/2025\/09\/12.png\" alt=\"\" height=\"250\" width=\"250\" loading=\"lazy\"\/><div class=\"uagb-team__content\"><h3 class=\"uagb-team__title\">Sandra Aramayo M.<\/h3><span class=\"uagb-team__prefix\">Vocal<\/span><p class=\"uagb-team__desc\">Contador P\u00fablico Autorizado<\/p><\/div><\/div>\n\n\n\n<div class=\"wp-block-uagb-team uagb-team__image-position-left uagb-team__align-left uagb-team__stack-tablet uagb-block-56e667bb\"><img decoding=\"async\" class=\"uagb-team__image-crop-circle\" src=\"https:\/\/auditorescontadorestarija.org\/wp-content\/uploads\/2025\/09\/13.png\" alt=\"\" height=\"250\" width=\"250\" loading=\"lazy\"\/><div class=\"uagb-team__content\"><h3 class=\"uagb-team__title\">Sebastian G. Pecas <\/h3><span class=\"uagb-team__prefix\">Vocal<\/span><p class=\"uagb-team__desc\">Contador P\u00fablico Autorizado<\/p><\/div><\/div>\n\n\n\n<div class=\"wp-block-uagb-team uagb-team__image-position-left uagb-team__align-left uagb-team__stack-tablet uagb-block-c4488675\"><img decoding=\"async\" class=\"uagb-team__image-crop-circle\" src=\"https:\/\/auditorescontadorestarija.org\/wp-content\/uploads\/2025\/09\/14.png\" alt=\"\" height=\"250\" width=\"250\" loading=\"lazy\"\/><div class=\"uagb-team__content\"><h3 class=\"uagb-team__title\">Santos Lenis Llanos<\/h3><span class=\"uagb-team__prefix\">Vocal<\/span><p class=\"uagb-team__desc\">Contador P\u00fablico Autorizado<\/p><\/div><\/div>\n<\/div><\/div>\n","protected":false},"excerpt":{"rendered":"<p>El objetivo general del directorio es jerarquizar a los profesionales en auditor\u00eda o contadur\u00eda p\u00fablica de Tarija a trav\u00e9s de:<\/p>\n","protected":false},"author":1,"featured_media":0,"parent":0,"menu_order":0,"comment_status":"closed","ping_status":"closed","template":"","meta":{"_uag_custom_page_level_css":"","neve_meta_sidebar":"","neve_meta_container":"","neve_meta_enable_content_width":"","neve_meta_content_width":0,"neve_meta_title_alignment":"","neve_meta_author_avatar":"","neve_post_elements_order":"","neve_meta_disable_header":"","neve_meta_disable_footer":"","neve_meta_disable_title":"","_themeisle_gutenberg_block_has_review":false,"footnotes":""},"class_list":["post-182","page","type-page","status-publish","hentry"],"uagb_featured_image_src":{"full":false,"thumbnail":false,"medium":false,"medium_large":false,"large":false,"1536x1536":false,"2048x2048":false,"neve-blog":false},"uagb_author_info":{"display_name":"admin","author_link":"https:\/\/auditorescontadorestarija.org\/index.php\/author\/admin\/"},"uagb_comment_info":0,"uagb_excerpt":"El objetivo general del directorio es jerarquizar a los profesionales en auditor\u00eda o contadur\u00eda p\u00fablica de Tarija a trav\u00e9s de:","_links":{"self":[{"href":"https:\/\/auditorescontadorestarija.org\/index.php\/wp-json\/wp\/v2\/pages\/182","targetHints":{"allow":["GET"]}}],"collection":[{"href":"https:\/\/auditorescontadorestarija.org\/index.php\/wp-json\/wp\/v2\/pages"}],"about":[{"href":"https:\/\/auditorescontadorestarija.org\/index.php\/wp-json\/wp\/v2\/types\/page"}],"author":[{"embeddable":true,"href":"https:\/\/auditorescontadorestarija.org\/index.php\/wp-json\/wp\/v2\/users\/1"}],"replies":[{"embeddable":true,"href":"https:\/\/auditorescontadorestarija.org\/index.php\/wp-json\/wp\/v2\/comments?post=182"}],"version-history":[{"count":36,"href":"https:\/\/auditorescontadorestarija.org\/index.php\/wp-json\/wp\/v2\/pages\/182\/revisions"}],"predecessor-version":[{"id":1270,"href":"https:\/\/auditorescontadorestarija.org\/index.php\/wp-json\/wp\/v2\/pages\/182\/revisions\/1270"}],"wp:attachment":[{"href":"https:\/\/auditorescontadorestarija.org\/index.php\/wp-json\/wp\/v2\/media?parent=182"}],"curies":[{"name":"wp","href":"https:\/\/api.w.org\/{rel}","templated":true}]}}